{"id":52345,"date":"2025-02-20T20:16:19","date_gmt":"2025-02-20T20:16:19","guid":{"rendered":"https:\/\/cannrt.thedev.ca\/become-a-member\/"},"modified":"2025-04-17T17:36:12","modified_gmt":"2025-04-17T17:36:12","slug":"devenir-membre","status":"publish","type":"page","link":"https:\/\/rtsa-tacc.com\/fr\/devenir-membre\/","title":{"rendered":"Devenir membre"},"content":{"rendered":"\t\t<div data-elementor-type=\"wp-page\" data-elementor-id=\"52345\" class=\"elementor elementor-52345 elementor-52340\" data-elementor-post-type=\"page\">\n\t\t\t\t<div class=\"elementor-element elementor-element-6553cfe e-flex e-con-boxed wpr-particle-no wpr-jarallax-no wpr-parallax-no wpr-sticky-section-no wpr-equal-height-no e-con e-parent\" data-id=\"6553cfe\" data-element_type=\"container\" data-e-type=\"container\" data-settings=\"{&quot;background_background&quot;:&quot;classic&quot;}\">\n\t\t\t\t\t<div class=\"e-con-inner\">\n\t\t\t\t<div class=\"elementor-element elementor-element-ccf1a61 elementor-widget__width-initial elementor-invisible elementor-widget elementor-widget-heading\" data-id=\"ccf1a61\" data-element_type=\"widget\" data-e-type=\"widget\" data-settings=\"{&quot;_animation&quot;:&quot;fadeIn&quot;,&quot;_animation_delay&quot;:200}\" data-widget_type=\"heading.default\">\n\t\t\t\t<div class=\"elementor-widget-container\">\n\t\t\t\t\t<h1 class=\"elementor-heading-title elementor-size-default\">Devenir membre<\/h1>\t\t\t\t<\/div>\n\t\t\t\t<\/div>\n\t\t<div class=\"elementor-element elementor-element-a8ecd00 e-con-full e-flex wpr-particle-no wpr-jarallax-no wpr-parallax-no wpr-sticky-section-no wpr-equal-height-no elementor-invisible e-con e-child\" data-id=\"a8ecd00\" data-element_type=\"container\" data-e-type=\"container\" data-settings=\"{&quot;animation&quot;:&quot;fadeIn&quot;,&quot;animation_delay&quot;:400}\">\n\t\t\t\t<div class=\"elementor-element elementor-element-b54021a elementor-widget elementor-widget-button\" data-id=\"b54021a\" data-element_type=\"widget\" data-e-type=\"widget\" data-widget_type=\"button.default\">\n\t\t\t\t<div class=\"elementor-widget-container\">\n\t\t\t\t\t\t\t\t\t<div class=\"elementor-button-wrapper\">\n\t\t\t\t\t<a class=\"elementor-button elementor-button-link elementor-size-sm\" href=\"\/fr\">\n\t\t\t\t\t\t<span class=\"elementor-button-content-wrapper\">\n\t\t\t\t\t\t\t\t\t<span class=\"elementor-button-text\">Accueil<\/span>\n\t\t\t\t\t<\/span>\n\t\t\t\t\t<\/a>\n\t\t\t\t<\/div>\n\t\t\t\t\t\t\t\t<\/div>\n\t\t\t\t<\/div>\n\t\t\t\t<div class=\"elementor-element elementor-element-8f56e52 elementor-widget elementor-widget-button\" data-id=\"8f56e52\" data-element_type=\"widget\" data-e-type=\"widget\" data-widget_type=\"button.default\">\n\t\t\t\t<div class=\"elementor-widget-container\">\n\t\t\t\t\t\t\t\t\t<div class=\"elementor-button-wrapper\">\n\t\t\t\t\t<a class=\"elementor-button elementor-button-link elementor-size-sm\" href=\"#\">\n\t\t\t\t\t\t<span class=\"elementor-button-content-wrapper\">\n\t\t\t\t\t\t<span class=\"elementor-button-icon\">\n\t\t\t\t<svg xmlns=\"http:\/\/www.w3.org\/2000\/svg\" width=\"16\" height=\"14\" viewBox=\"0 0 16 14\" fill=\"none\"><path d=\"M0.500063 6L12.0861 6L7.58606 1.5L9.00006 0.0859982L15.9141 7L9.00006 13.914L7.58606 12.5L12.0861 8L0.500063 8L0.500063 6Z\" fill=\"white\"><\/path><\/svg>\t\t\t<\/span>\n\t\t\t\t\t\t\t\t<\/span>\n\t\t\t\t\t<\/a>\n\t\t\t\t<\/div>\n\t\t\t\t\t\t\t\t<\/div>\n\t\t\t\t<\/div>\n\t\t\t\t<div class=\"elementor-element elementor-element-b750511 elementor-widget elementor-widget-button\" data-id=\"b750511\" data-element_type=\"widget\" data-e-type=\"widget\" data-widget_type=\"button.default\">\n\t\t\t\t<div class=\"elementor-widget-container\">\n\t\t\t\t\t\t\t\t\t<div class=\"elementor-button-wrapper\">\n\t\t\t\t\t<a class=\"elementor-button elementor-button-link elementor-size-sm\" href=\"#\">\n\t\t\t\t\t\t<span class=\"elementor-button-content-wrapper\">\n\t\t\t\t\t\t\t\t\t<span class=\"elementor-button-text\">Devenir membre<\/span>\n\t\t\t\t\t<\/span>\n\t\t\t\t\t<\/a>\n\t\t\t\t<\/div>\n\t\t\t\t\t\t\t\t<\/div>\n\t\t\t\t<\/div>\n\t\t\t\t<\/div>\n\t\t\t\t<div class=\"elementor-element elementor-element-7bb6f48 elementor-absolute elementor-invisible elementor-widget elementor-widget-image\" data-id=\"7bb6f48\" data-element_type=\"widget\" data-e-type=\"widget\" data-settings=\"{&quot;_position&quot;:&quot;absolute&quot;,&quot;_animation&quot;:&quot;fadeInRight&quot;,&quot;_animation_delay&quot;:600}\" data-widget_type=\"image.default\">\n\t\t\t\t<div class=\"elementor-widget-container\">\n\t\t\t\t\t\t\t\t\t\t\t\t\t\t\t<img fetchpriority=\"high\" decoding=\"async\" width=\"390\" height=\"398\" src=\"https:\/\/rtsa-tacc.com\/wp-content\/uploads\/transparent-tacc-icon.png\" class=\"attachment-full size-full wp-image-51104\" alt=\"\" srcset=\"https:\/\/rtsa-tacc.com\/wp-content\/uploads\/transparent-tacc-icon.png 390w, https:\/\/rtsa-tacc.com\/wp-content\/uploads\/transparent-tacc-icon-294x300.png 294w\" sizes=\"(max-width: 390px) 100vw, 390px\" \/>\t\t\t\t\t\t\t\t\t\t\t\t\t\t\t<\/div>\n\t\t\t\t<\/div>\n\t\t\t\t\t<\/div>\n\t\t\t\t<\/div>\n\t\t<div class=\"elementor-element elementor-element-dc7b7b9 e-flex e-con-boxed wpr-particle-no wpr-jarallax-no wpr-parallax-no wpr-sticky-section-no wpr-equal-height-no e-con e-parent\" data-id=\"dc7b7b9\" data-element_type=\"container\" data-e-type=\"container\">\n\t\t\t\t\t<div class=\"e-con-inner\">\n\t\t\t\t<div class=\"elementor-element elementor-element-1a94dbb elementor-widget elementor-widget-html\" data-id=\"1a94dbb\" data-element_type=\"widget\" data-e-type=\"widget\" data-widget_type=\"html.default\">\n\t\t\t\t<div class=\"elementor-widget-container\">\n\t\t\t\t\t<!-- Embed Envoke Form -->\r\n<div id=\"nvkEmbed26f6221e7e941d6ecae6786e035cf13d\" class=\"nvkEmbed\"><\/div>\r\n<script async src=\"https:\/\/e1.envoke.com\/ext\/embed\/engagements\/26f6221e7e941d6ecae6786e035cf13d.js\"><\/script>\r\n<!-- End Embed Envoke Form -->\t\t\t\t<\/div>\n\t\t\t\t<\/div>\n\t\t\t\t\t<\/div>\n\t\t\t\t<\/div>\n\t\t<div class=\"elementor-element elementor-element-f3d5615 e-flex e-con-boxed wpr-particle-no wpr-jarallax-no wpr-parallax-no wpr-sticky-section-no wpr-equal-height-no e-con e-parent\" data-id=\"f3d5615\" data-element_type=\"container\" data-e-type=\"container\">\n\t\t\t\t\t<div class=\"e-con-inner\">\n\t\t\t\t<div class=\"elementor-element elementor-element-e7acbf2 elementor-widget elementor-widget-html\" data-id=\"e7acbf2\" data-element_type=\"widget\" data-e-type=\"widget\" data-widget_type=\"html.default\">\n\t\t\t\t<div class=\"elementor-widget-container\">\n\t\t\t\t\t<script type=\"application\/ld+json\">\n{\n  \"@context\": \"https:\/\/schema.org\",\n  \"@graph\": [\n    {\n      \"@type\": \"Organization\",\n      \"name\": \"RTSA-TACC\",\n      \"url\": \"https:\/\/rtsa-tacc.com\/fr\/\",\n      \"logo\": {\n        \"@type\": \"ImageObject\",\n        \"url\": \"https:\/\/rtsa-tacc.com\/wp-content\/uploads\/2023\/07\/logo-rtsa-tacc-fr.svg\",\n        \"description\": \"Logo de l'Alliance qu\u00e9b\u00e9coise pour le trouble du spectre de l'autisme (RTSA-TACC)\"\n      },\n      \"description\": \"L'Alliance qu\u00e9b\u00e9coise pour le trouble du spectre de l'autisme (RTSA-TACC) est un r\u00e9seau provincial d\u00e9di\u00e9 \u00e0 am\u00e9liorer les services et le soutien aux personnes ayant un TSA et \u00e0 leurs familles par la collaboration, le partage de connaissances et l'innovation.\",\n      \"address\": {\n        \"@type\": \"PostalAddress\",\n        \"addressLocality\": \"Montr\u00e9al\",\n        \"addressRegion\": \"QC\",\n        \"postalCode\": \"H2S 2B3\",\n        \"streetAddress\": \"550 rue Sherbrooke Ouest, Tour Est, Bureau 1170\"\n      },\n      \"contactPoint\": {\n        \"@type\": \"ContactPoint\",\n        \"telephone\": \"+1 514-527-0781\",\n        \"contactType\": \"renseignements g\u00e9n\u00e9raux\",\n        \"areaServed\": \"Qu\u00e9bec\"\n      },\n      \"sameAs\": [\n        \"https:\/\/www.facebook.com\/RTSATACC\/\",\n        \"https:\/\/twitter.com\/rtsatacc\",\n        \"https:\/\/www.linkedin.com\/company\/rtsa-tacc\/\"\n      ]\n    },\n    {\n      \"@type\": \"WebSite\",\n      \"@id\": \"https:\/\/rtsa-tacc.com\/fr\/#website\",\n      \"url\": \"https:\/\/rtsa-tacc.com\/fr\/\",\n      \"name\": \"RTSA-TACC\",\n      \"publisher\": {\n        \"@id\": \"https:\/\/rtsa-tacc.com\/fr\/#organization\"\n      },\n      \"inLanguage\": \"fr-CA\"\n    },\n    {\n      \"@type\": \"WebPage\",\n      \"@id\": \"https:\/\/rtsa-tacc.com\/fr\/devenir-membre\/#webpage\",\n      \"url\": \"https:\/\/rtsa-tacc.com\/fr\/devenir-membre\/\",\n      \"name\": \"Devenir membre - RTSA-TACC\",\n      \"isPartOf\": {\n        \"@id\": \"https:\/\/rtsa-tacc.com\/fr\/#website\"\n      },\n      \"about\": {\n        \"@id\": \"https:\/\/rtsa-tacc.com\/fr\/#organization\"\n      },\n      \"primaryImageOfPage\": {\n        \"@type\": \"ImageObject\",\n        \"url\": \"https:\/\/rtsa-tacc.com\/wp-content\/uploads\/2023\/07\/Devenir-membre-RTSA-TACC-FR.jpg\",\n        \"description\": \"Image de la page Devenir membre de RTSA-TACC.\"\n      },\n      \"datePublished\": \"2023-07-01T00:00:00-04:00\",\n      \"dateModified\": \"2024-11-15T10:00:00-05:00\",\n      \"description\": \"Apprenez comment devenir membre de l'Alliance qu\u00e9b\u00e9coise pour le trouble du spectre de l'autisme (RTSA-TACC) et soutenez notre mission.\",\n      \"inLanguage\": \"fr-CA\",\n      \"breadcrumb\": {\n        \"@id\": \"https:\/\/rtsa-tacc.com\/fr\/devenir-membre\/#breadcrumb\"\n      }\n    },\n    {\n      \"@type\": \"BreadcrumbList\",\n      \"@id\": \"https:\/\/rtsa-tacc.com\/fr\/devenir-membre\/#breadcrumb\",\n      \"itemListElement\": [\n        {\n          \"@type\": \"ListItem\",\n          \"position\": 1,\n          \"name\": \"Accueil\",\n          \"item\": \"https:\/\/rtsa-tacc.com\/fr\/\"\n        },\n        {\n          \"@type\": \"ListItem\",\n          \"position\": 2,\n          \"name\": \"Devenir membre\",\n          \"item\": \"https:\/\/rtsa-tacc.com\/fr\/devenir-membre\/\"\n        }\n      ]\n    }\n  ]\n}\n<\/script>\t\t\t\t<\/div>\n\t\t\t\t<\/div>\n\t\t\t\t\t<\/div>\n\t\t\t\t<\/div>\n\t\t\t\t<\/div>\n\t\t","protected":false},"excerpt":{"rendered":"<p>Devenir membre Accueil Devenir membre<\/p>\n","protected":false},"author":11,"featured_media":0,"parent":0,"menu_order":0,"comment_status":"closed","ping_status":"closed","template":"","meta":{"footnotes":""},"class_list":["post-52345","page","type-page","status-publish","hentry"],"aioseo_notices":[],"_links":{"self":[{"href":"https:\/\/rtsa-tacc.com\/fr\/wp-json\/wp\/v2\/pages\/52345","targetHints":{"allow":["GET"]}}],"collection":[{"href":"https:\/\/rtsa-tacc.com\/fr\/wp-json\/wp\/v2\/pages"}],"about":[{"href":"https:\/\/rtsa-tacc.com\/fr\/wp-json\/wp\/v2\/types\/page"}],"author":[{"embeddable":true,"href":"https:\/\/rtsa-tacc.com\/fr\/wp-json\/wp\/v2\/users\/11"}],"replies":[{"embeddable":true,"href":"https:\/\/rtsa-tacc.com\/fr\/wp-json\/wp\/v2\/comments?post=52345"}],"version-history":[{"count":16,"href":"https:\/\/rtsa-tacc.com\/fr\/wp-json\/wp\/v2\/pages\/52345\/revisions"}],"predecessor-version":[{"id":53379,"href":"https:\/\/rtsa-tacc.com\/fr\/wp-json\/wp\/v2\/pages\/52345\/revisions\/53379"}],"wp:attachment":[{"href":"https:\/\/rtsa-tacc.com\/fr\/wp-json\/wp\/v2\/media?parent=52345"}],"curies":[{"name":"wp","href":"https:\/\/api.w.org\/{rel}","templated":true}]}}