{"id":51871,"date":"2025-02-07T04:28:32","date_gmt":"2025-02-07T04:28:32","guid":{"rendered":"https:\/\/cannrt.thedev.ca\/organigram\/"},"modified":"2025-09-29T19:04:01","modified_gmt":"2025-09-29T19:04:01","slug":"gouvernance","status":"publish","type":"page","link":"https:\/\/rtsa-tacc.com\/fr\/gouvernance\/","title":{"rendered":"Structure de gouvernance"},"content":{"rendered":"\t\t<div data-elementor-type=\"wp-page\" data-elementor-id=\"51871\" class=\"elementor elementor-51871 elementor-51862\" data-elementor-post-type=\"page\">\n\t\t\t\t<div class=\"elementor-element elementor-element-a42f4c5 e-flex e-con-boxed wpr-particle-no wpr-jarallax-no wpr-parallax-no wpr-sticky-section-no e-con e-parent\" data-id=\"a42f4c5\" data-element_type=\"container\" data-settings=\"{&quot;background_background&quot;:&quot;classic&quot;}\">\n\t\t\t\t\t<div class=\"e-con-inner\">\n\t\t\t\t<div class=\"elementor-element elementor-element-12da334 elementor-widget__width-initial elementor-invisible elementor-widget elementor-widget-heading\" data-id=\"12da334\" data-element_type=\"widget\" data-settings=\"{&quot;_animation&quot;:&quot;fadeIn&quot;,&quot;_animation_delay&quot;:200}\" data-widget_type=\"heading.default\">\n\t\t\t\t<div class=\"elementor-widget-container\">\n\t\t\t\t\t<h1 class=\"elementor-heading-title elementor-size-default\">Structure de gouvernance<\/h1>\t\t\t\t<\/div>\n\t\t\t\t<\/div>\n\t\t<div class=\"elementor-element elementor-element-7787cf2 e-con-full e-flex wpr-particle-no wpr-jarallax-no wpr-parallax-no wpr-sticky-section-no elementor-invisible e-con e-child\" data-id=\"7787cf2\" data-element_type=\"container\" data-settings=\"{&quot;animation&quot;:&quot;fadeIn&quot;,&quot;animation_delay&quot;:400}\">\n\t\t\t\t<div class=\"elementor-element elementor-element-661b372 elementor-widget elementor-widget-button\" data-id=\"661b372\" data-element_type=\"widget\" data-widget_type=\"button.default\">\n\t\t\t\t<div class=\"elementor-widget-container\">\n\t\t\t\t\t\t\t\t\t<div class=\"elementor-button-wrapper\">\n\t\t\t\t\t<a class=\"elementor-button elementor-button-link elementor-size-sm\" href=\"\/\">\n\t\t\t\t\t\t<span class=\"elementor-button-content-wrapper\">\n\t\t\t\t\t\t\t\t\t<span class=\"elementor-button-text\">Homepage<\/span>\n\t\t\t\t\t<\/span>\n\t\t\t\t\t<\/a>\n\t\t\t\t<\/div>\n\t\t\t\t\t\t\t\t<\/div>\n\t\t\t\t<\/div>\n\t\t\t\t<div class=\"elementor-element elementor-element-5fc8304 elementor-widget elementor-widget-button\" data-id=\"5fc8304\" data-element_type=\"widget\" data-widget_type=\"button.default\">\n\t\t\t\t<div class=\"elementor-widget-container\">\n\t\t\t\t\t\t\t\t\t<div class=\"elementor-button-wrapper\">\n\t\t\t\t\t<a class=\"elementor-button elementor-button-link elementor-size-sm\" href=\"#\">\n\t\t\t\t\t\t<span class=\"elementor-button-content-wrapper\">\n\t\t\t\t\t\t<span class=\"elementor-button-icon\">\n\t\t\t\t<svg xmlns=\"http:\/\/www.w3.org\/2000\/svg\" width=\"16\" height=\"14\" viewBox=\"0 0 16 14\" fill=\"none\"><path d=\"M0.500063 6L12.0861 6L7.58606 1.5L9.00006 0.0859982L15.9141 7L9.00006 13.914L7.58606 12.5L12.0861 8L0.500063 8L0.500063 6Z\" fill=\"white\"><\/path><\/svg>\t\t\t<\/span>\n\t\t\t\t\t\t\t\t<\/span>\n\t\t\t\t\t<\/a>\n\t\t\t\t<\/div>\n\t\t\t\t\t\t\t\t<\/div>\n\t\t\t\t<\/div>\n\t\t\t\t<div class=\"elementor-element elementor-element-80aab97 elementor-widget elementor-widget-button\" data-id=\"80aab97\" data-element_type=\"widget\" data-widget_type=\"button.default\">\n\t\t\t\t<div class=\"elementor-widget-container\">\n\t\t\t\t\t\t\t\t\t<div class=\"elementor-button-wrapper\">\n\t\t\t\t\t<a class=\"elementor-button elementor-button-link elementor-size-sm\" href=\"#\">\n\t\t\t\t\t\t<span class=\"elementor-button-content-wrapper\">\n\t\t\t\t\t\t\t\t\t<span class=\"elementor-button-text\">Structure de gouvernance<\/span>\n\t\t\t\t\t<\/span>\n\t\t\t\t\t<\/a>\n\t\t\t\t<\/div>\n\t\t\t\t\t\t\t\t<\/div>\n\t\t\t\t<\/div>\n\t\t\t\t<\/div>\n\t\t\t\t<div class=\"elementor-element elementor-element-adf0cb0 elementor-absolute elementor-invisible elementor-widget elementor-widget-image\" data-id=\"adf0cb0\" data-element_type=\"widget\" data-settings=\"{&quot;_position&quot;:&quot;absolute&quot;,&quot;_animation&quot;:&quot;fadeInRight&quot;,&quot;_animation_delay&quot;:600}\" data-widget_type=\"image.default\">\n\t\t\t\t<div class=\"elementor-widget-container\">\n\t\t\t\t\t\t\t\t\t\t\t\t\t\t\t<img fetchpriority=\"high\" decoding=\"async\" width=\"390\" height=\"398\" src=\"https:\/\/rtsa-tacc.com\/wp-content\/uploads\/transparent-tacc-icon.png\" class=\"attachment-full size-full wp-image-51104\" alt=\"\" srcset=\"https:\/\/rtsa-tacc.com\/wp-content\/uploads\/transparent-tacc-icon.png 390w, https:\/\/rtsa-tacc.com\/wp-content\/uploads\/transparent-tacc-icon-294x300.png 294w\" sizes=\"(max-width: 390px) 100vw, 390px\" \/>\t\t\t\t\t\t\t\t\t\t\t\t\t\t\t<\/div>\n\t\t\t\t<\/div>\n\t\t\t\t\t<\/div>\n\t\t\t\t<\/div>\n\t\t<div class=\"elementor-element elementor-element-7d3f1e9 e-flex e-con-boxed wpr-particle-no wpr-jarallax-no wpr-parallax-no wpr-sticky-section-no e-con e-parent\" data-id=\"7d3f1e9\" data-element_type=\"container\">\n\t\t\t\t\t<div class=\"e-con-inner\">\n\t\t\t\t<div class=\"elementor-element elementor-element-f04b72a elementor-widget__width-initial elementor-widget elementor-widget-text-editor\" data-id=\"f04b72a\" data-element_type=\"widget\" data-widget_type=\"text-editor.default\">\n\t\t\t\t<div class=\"elementor-widget-container\">\n\t\t\t\t\t\t\t\t\t<div><h1><b>Gouvernance <\/b><\/h1><p><b><\/b>Le R\u00e9seau pour transformer les soins en autisme (RTSA) est r\u00e9gi par<em><a href=\"https:\/\/frq.gouv.qc.ca\/app\/uploads\/2024\/04\/principes_dir_gestion_res_2024.pdf\"> Les Principes directeurs de gestion et de gouvernance des r\u00e9seaux th\u00e9matiques<\/a> <\/em>(2024) et par la <a href=\"http:\/\/rtsa-tacc.com\/wp-content\/uploads\/2025.07.07_Charte_RTSA_2025_FInale.pdf\"><em>Charte du RTSA<\/em><\/a> (2025).\u00a0Pour r\u00e9f\u00e9rence, la <span style=\"background-color: #ffffff;\"><a href=\"https:\/\/rtsa-tacc.com\/wp-content\/uploads\/Doc-4.3.-RTSA_pour-information-2018-Charte.pdf\"><em>Charte\u00a0(2018) <\/em><\/a>demeure accessible.\u00a0<\/span><\/p><\/div>\t\t\t\t\t\t\t\t<\/div>\n\t\t\t\t<\/div>\n\t\t\t\t<div class=\"elementor-element elementor-element-394a989 elementor-widget__width-initial elementor-widget elementor-widget-html\" data-id=\"394a989\" data-element_type=\"widget\" data-widget_type=\"html.default\">\n\t\t\t\t<div class=\"elementor-widget-container\">\n\t\t\t\t\t<div style=\"max-width: 900px; margin: 0 auto;\">\r\n  <!-- First-page preview (no scrolling) -->\r\n  <iframe\r\n    src=\"https:\/\/rtsa-tacc.com\/wp-content\/uploads\/2025.07.07_Charte_RTSA_2025_FInale.pdf#page=1&zoom=page-width\"\r\n    title=\"RTSA Charter \u2014 Page 1 preview\"\r\n    loading=\"lazy\"\r\n    scrolling=\"no\"\r\n    aria-hidden=\"true\"\r\n    style=\"width:100%;\r\n           aspect-ratio: 8.5 \/ 11;  \/* keeps 8.5x11 shape *\/\r\n           height:auto;\r\n           border:1px solid #ccc;\r\n           pointer-events:none;     \/* disables scroll inside *\/\r\n           overflow:hidden;\">\r\n  <\/iframe>\r\n\r\n  <!-- Download button -->\r\n  <p style=\"margin-top:12px; text-align:center;\">\r\n    <a href=\"https:\/\/rtsa-tacc.com\/wp-content\/uploads\/2025.07.07_Charte_RTSA_2025_FInale.pdf\"\r\n       target=\"_blank\" rel=\"noopener\"\r\n       style=\"display:inline-block; padding:10px 16px; background:#004080; color:#fff; text-decoration:none; border-radius:4px;\">\r\n      T\u00e9l\u00e9chargez la Charte (PDF)\r\n    <\/a>\r\n  <\/p>\r\n<\/div>\r\n\t\t\t\t<\/div>\n\t\t\t\t<\/div>\n\t\t\t\t<div class=\"elementor-element elementor-element-b451b0d elementor-widget-divider--view-line elementor-widget elementor-widget-divider\" data-id=\"b451b0d\" data-element_type=\"widget\" data-widget_type=\"divider.default\">\n\t\t\t\t<div class=\"elementor-widget-container\">\n\t\t\t\t\t\t\t<div class=\"elementor-divider\">\n\t\t\t<span class=\"elementor-divider-separator\">\n\t\t\t\t\t\t<\/span>\n\t\t<\/div>\n\t\t\t\t\t\t<\/div>\n\t\t\t\t<\/div>\n\t\t\t\t<div class=\"elementor-element elementor-element-dd8c49e elementor-widget__width-initial elementor-widget elementor-widget-text-editor\" data-id=\"dd8c49e\" data-element_type=\"widget\" data-widget_type=\"text-editor.default\">\n\t\t\t\t<div class=\"elementor-widget-container\">\n\t\t\t\t\t\t\t\t\t<h1 data-start=\"478\" data-end=\"506\"><strong>Structure de gouvernance<\/strong><\/h1><p data-start=\"508\" data-end=\"653\">L\u2019organigramme du RTSA offre un aper\u00e7u visuel de notre gouvernance, pr\u00e9sentant les comit\u00e9s, la composition des membres et leurs interrelations.<\/p>\t\t\t\t\t\t\t\t<\/div>\n\t\t\t\t<\/div>\n\t\t\t\t<div class=\"elementor-element elementor-element-260754c elementor-widget elementor-widget-image\" data-id=\"260754c\" data-element_type=\"widget\" data-widget_type=\"image.default\">\n\t\t\t\t<div class=\"elementor-widget-container\">\n\t\t\t\t\t\t\t\t\t\t\t\t\t\t\t<img decoding=\"async\" width=\"900\" height=\"780\" src=\"https:\/\/rtsa-tacc.com\/wp-content\/uploads\/TACC_organigram_FR.png\" class=\"attachment-full size-full wp-image-52570\" alt=\"\" srcset=\"https:\/\/rtsa-tacc.com\/wp-content\/uploads\/TACC_organigram_FR.png 900w, https:\/\/rtsa-tacc.com\/wp-content\/uploads\/TACC_organigram_FR-300x260.png 300w, https:\/\/rtsa-tacc.com\/wp-content\/uploads\/TACC_organigram_FR-768x666.png 768w\" sizes=\"(max-width: 900px) 100vw, 900px\" \/>\t\t\t\t\t\t\t\t\t\t\t\t\t\t\t<\/div>\n\t\t\t\t<\/div>\n\t\t\t\t\t<\/div>\n\t\t\t\t<\/div>\n\t\t\t\t<\/div>\n\t\t","protected":false},"excerpt":{"rendered":"<p>Structure de gouvernance Homepage Structure de gouvernance Gouvernance Le R\u00e9seau pour transformer les soins en autisme (RTSA) est r\u00e9gi par Les Principes directeurs de gestion et de gouvernance des r\u00e9seaux th\u00e9matiques (2024) et par la Charte du RTSA (2025).\u00a0Pour r\u00e9f\u00e9rence, la Charte\u00a0(2018) demeure accessible.\u00a0 T\u00e9l\u00e9chargez la Charte (PDF) Structure de gouvernance L\u2019organigramme du RTSA offre un aper\u00e7u visuel de notre gouvernance, pr\u00e9sentant les comit\u00e9s, la composition des membres et leurs interrelations.<\/p>\n","protected":false},"author":11,"featured_media":51668,"parent":0,"menu_order":0,"comment_status":"closed","ping_status":"closed","template":"","meta":{"footnotes":""},"class_list":["post-51871","page","type-page","status-publish","has-post-thumbnail","hentry"],"aioseo_notices":[],"_links":{"self":[{"href":"https:\/\/rtsa-tacc.com\/fr\/wp-json\/wp\/v2\/pages\/51871","targetHints":{"allow":["GET"]}}],"collection":[{"href":"https:\/\/rtsa-tacc.com\/fr\/wp-json\/wp\/v2\/pages"}],"about":[{"href":"https:\/\/rtsa-tacc.com\/fr\/wp-json\/wp\/v2\/types\/page"}],"author":[{"embeddable":true,"href":"https:\/\/rtsa-tacc.com\/fr\/wp-json\/wp\/v2\/users\/11"}],"replies":[{"embeddable":true,"href":"https:\/\/rtsa-tacc.com\/fr\/wp-json\/wp\/v2\/comments?post=51871"}],"version-history":[{"count":36,"href":"https:\/\/rtsa-tacc.com\/fr\/wp-json\/wp\/v2\/pages\/51871\/revisions"}],"predecessor-version":[{"id":55125,"href":"https:\/\/rtsa-tacc.com\/fr\/wp-json\/wp\/v2\/pages\/51871\/revisions\/55125"}],"wp:featuredmedia":[{"embeddable":true,"href":"https:\/\/rtsa-tacc.com\/fr\/wp-json\/wp\/v2\/media\/51668"}],"wp:attachment":[{"href":"https:\/\/rtsa-tacc.com\/fr\/wp-json\/wp\/v2\/media?parent=51871"}],"curies":[{"name":"wp","href":"https:\/\/api.w.org\/{rel}","templated":true}]}}